{"id":111,"date":"2025-08-13T07:40:56","date_gmt":"2025-08-13T07:40:56","guid":{"rendered":"https:\/\/nordfisken.se\/?page_id=111"},"modified":"2025-08-13T12:31:44","modified_gmt":"2025-08-13T12:31:44","slug":"about-us","status":"publish","type":"page","link":"https:\/\/nordfisken.se\/?page_id=111","title":{"rendered":""},"content":{"rendered":"\n<div class=\"wp-block-group alignwide is-content-justification-left is-layout-constrained wp-container-core-group-is-layout-958becf1 wp-block-group-is-layout-constrained\" style=\"margin-top:0;margin-bottom:0;padding-top:calc( 0.5 * var(--wp--style--root--padding-right, var(--wp--custom--gap--horizontal)));padding-right:var(--wp--style--root--padding-right, var(--wp--custom--gap--horizontal));padding-bottom:calc( 0.5 * var(--wp--style--root--padding-right, var(--wp--custom--gap--horizontal)));padding-left:var(--wp--style--root--padding-left, var(--wp--custom--gap--horizontal))\">\n<div style=\"height:calc( 0.25 * var(--wp--style--root--padding-right, var(--wp--custom--gap--horizontal)))\" aria-hidden=\"true\" class=\"wp-block-spacer\"><\/div>\n\n\n\n<h2 class=\"wp-block-heading alignwide has-text-align-left has-xx-large-font-size\">Create anything<\/h2>\n\n\n\n<div class=\"wp-block-group is-layout-constrained wp-container-core-group-is-layout-7db9d80f wp-block-group-is-layout-constrained\" style=\"padding-right:0;padding-left:0\">\n<div style=\"height:4px\" aria-hidden=\"true\" class=\"wp-block-spacer\"><\/div>\n\n\n\n<div class=\"wp-block-columns is-layout-flex wp-container-core-columns-is-layout-28f84493 wp-block-columns-is-layout-flex\">\n<div class=\"wp-block-column is-layout-flow wp-block-column-is-layout-flow\" style=\"flex-basis:75%\">\n<p class=\"has-medium-font-size\">Welcome to a world of limitless possibilities, where the journey is as exhilarating as the destination, and where every moment is an opportunity to make your mark on the canvas of existence.<\/p>\n<\/div>\n<\/div>\n<\/div>\n\n\n\n<div style=\"height:calc( 0.25 * var(--wp--style--root--padding-right, var(--wp--custom--gap--horizontal)))\" aria-hidden=\"true\" class=\"wp-block-spacer\"><\/div>\n<\/div>\n\n\n\n<div class=\"wp-block-columns alignfull is-layout-flex wp-container-core-columns-is-layout-28f84493 wp-block-columns-is-layout-flex\">\n<div class=\"wp-block-column is-layout-flow wp-block-column-is-layout-flow\">\n<h3 class=\"wp-block-heading has-x-large-font-size\">1 M\u00e5l<\/h3>\n\n\n\n<p>Bli Sveriges mest h\u00e5llbara fisk &amp; akvarium leverant\u00f6r.<\/p>\n<\/div>\n\n\n\n<div class=\"wp-block-column is-layout-flow wp-block-column-is-layout-flow\">\n<h3 class=\"wp-block-heading has-x-large-font-size\">Eco<\/h3>\n\n\n\n<p>We are thinking about the planet<\/p>\n<\/div>\n\n\n\n<div class=\"wp-block-column is-layout-flow wp-block-column-is-layout-flow\">\n<h3 class=\"wp-block-heading has-x-large-font-size\">100 %<\/h3>\n\n\n\n<p>Sp\u00e5rbarhet p\u00e5 alla produkter<\/p>\n<\/div>\n\n\n\n<div class=\"wp-block-column is-layout-flow wp-block-column-is-layout-flow\">\n<h3 class=\"wp-block-heading has-x-large-font-size\">365<\/h3>\n\n\n\n<p>Online butiken \u00f6ppen 24\/7<\/p>\n<\/div>\n\n\n\n<div class=\"wp-block-column is-layout-flow wp-block-column-is-layout-flow\">\n<h3 class=\"wp-block-heading has-x-large-font-size\">8<\/h3>\n\n\n\n<p>Anst\u00e4llda<\/p>\n<\/div>\n<\/div>\n\n\n\n<div class=\"wp-block-cover alignwide has-parallax\"><div class=\"wp-block-cover__image-background wp-image-624 size-full has-parallax\" style=\"background-position:50% 50%;background-image:url(https:\/\/nordfisken.se\/wp-content\/uploads\/2025\/08\/papier-peint-corail-monde-sous-marin-intense-aux-couleurs-eclatantes_76bd3744-0331-41b1-a1a1-2443427b5a0c.webp)\"><\/div><span aria-hidden=\"true\" class=\"wp-block-cover__background has-background-dim-40 has-background-dim\" style=\"background-color:#000000\"><\/span><div class=\"wp-block-cover__inner-container is-layout-flow wp-block-cover-is-layout-flow\">\n<h2 class=\"wp-block-heading alignwide has-white-color has-text-color\" style=\"font-size:48px;line-height:1.2\"><strong><em>Koraller d\u00f6k upp f\u00f6r<\/em><\/strong><br><strong><em>540\u2013535<\/em><\/strong> Miljoner \u00e5r sedan<\/h2>\n\n\n\n<div class=\"wp-block-columns alignwide is-layout-flex wp-container-core-columns-is-layout-28f84493 wp-block-columns-is-layout-flex\">\n<div class=\"wp-block-column is-layout-flow wp-block-column-is-layout-flow\" style=\"flex-basis:60%\">\n<p class=\"has-text-color\" style=\"color:#ffffff\">De tidigaste korallerna var enkelt uppbyggda och spreds snabbt i kolonier som bildade rev, vilket bidrog till de f\u00f6rsta marina ekosystemen.\u00a0Moderna koraller utvecklades senare, under Kenozoikum-eran.<\/p>\n\n\n\n<div class=\"wp-block-buttons is-layout-flex wp-block-buttons-is-layout-flex\">\n<div class=\"wp-block-button is-style-outline is-style-outline--1\"><a class=\"wp-block-button__link has-text-color has-background wp-element-button\" style=\"color:#ffffff;background-color:#000000\">Visit<\/a><\/div>\n<\/div>\n<\/div>\n\n\n\n<div class=\"wp-block-column is-layout-flow wp-block-column-is-layout-flow\"><\/div>\n<\/div>\n<\/div><\/div>\n","protected":false},"excerpt":{"rendered":"<p>Create anything Welcome to a world of limitless possibilities, where the journey is as exhilarating as the destination, and where every moment is an opportunity to make your mark on the canvas of existence. 1 M\u00e5l Bli Sveriges mest h\u00e5llbara fisk &amp; akvarium leverant\u00f6r. Eco We are thinking about the planet 100 % Sp\u00e5rbarhet p\u00e5 [&hellip;]<\/p>\n","protected":false},"author":1,"featured_media":0,"parent":0,"menu_order":0,"comment_status":"closed","ping_status":"closed","template":"","meta":{"footnotes":""},"class_list":["post-111","page","type-page","status-publish","hentry"],"jetpack_sharing_enabled":true,"_links":{"self":[{"href":"https:\/\/nordfisken.se\/index.php?rest_route=\/wp\/v2\/pages\/111","targetHints":{"allow":["GET"]}}],"collection":[{"href":"https:\/\/nordfisken.se\/index.php?rest_route=\/wp\/v2\/pages"}],"about":[{"href":"https:\/\/nordfisken.se\/index.php?rest_route=\/wp\/v2\/types\/page"}],"author":[{"embeddable":true,"href":"https:\/\/nordfisken.se\/index.php?rest_route=\/wp\/v2\/users\/1"}],"replies":[{"embeddable":true,"href":"https:\/\/nordfisken.se\/index.php?rest_route=%2Fwp%2Fv2%2Fcomments&post=111"}],"version-history":[{"count":17,"href":"https:\/\/nordfisken.se\/index.php?rest_route=\/wp\/v2\/pages\/111\/revisions"}],"predecessor-version":[{"id":633,"href":"https:\/\/nordfisken.se\/index.php?rest_route=\/wp\/v2\/pages\/111\/revisions\/633"}],"wp:attachment":[{"href":"https:\/\/nordfisken.se\/index.php?rest_route=%2Fwp%2Fv2%2Fmedia&parent=111"}],"curies":[{"name":"wp","href":"https:\/\/api.w.org\/{rel}","templated":true}]}}