{"id":598,"date":"2025-08-13T10:30:22","date_gmt":"2025-08-13T10:30:22","guid":{"rendered":"https:\/\/nordfisken.se\/?post_type=product&#038;p=598"},"modified":"2025-08-14T06:33:48","modified_gmt":"2025-08-14T06:33:48","slug":"598","status":"publish","type":"product","link":"https:\/\/nordfisken.se\/?product=598","title":{"rendered":"All in One 91"},"content":{"rendered":"<p data-start=\"47\" data-end=\"179\">Akvariet inkluderar filtersystemet integrerat i avskiljningspartitionen baktill, s\u00e5 all utrustning \u00e4r dold och inte st\u00f6r utsikten.<\/p>\n<p data-start=\"181\" data-end=\"270\">Akvariet \u00e4r ultramodernt med frontglas och sidopaneler i ett stycke med rundade kanter.<\/p>\n<p data-start=\"272\" data-end=\"320\">Allt-i-ett 91-liters saltvattenset inkluderar:<\/p>\n<ul data-start=\"322\" data-end=\"655\">\n<li data-start=\"322\" data-end=\"391\">\n<p data-start=\"324\" data-end=\"391\">Akvarium med m\u00e5tten 45 \u00d7 45 \u00d7 45 cm och en kapacitet p\u00e5 91 liter.<\/p>\n<\/li>\n<li data-start=\"392\" data-end=\"436\">\n<p data-start=\"394\" data-end=\"436\">Mini Lumina 40 Marine som LED-belysning.<\/p>\n<\/li>\n<li data-start=\"437\" data-end=\"470\">\n<p data-start=\"439\" data-end=\"470\">Scuma 0635 proteinavskummare.<\/p>\n<\/li>\n<li data-start=\"471\" data-end=\"490\">\n<p data-start=\"473\" data-end=\"490\">Filtermaterial.<\/p>\n<\/li>\n<li data-start=\"491\" data-end=\"504\">\n<p data-start=\"493\" data-end=\"504\">Glaslock.<\/p>\n<\/li>\n<li data-start=\"505\" data-end=\"532\">\n<p data-start=\"507\" data-end=\"532\">F\u00e4sten till glaslocket.<\/p>\n<\/li>\n<li data-start=\"533\" data-end=\"567\">\n<p data-start=\"535\" data-end=\"567\">Cirkulationspump till filtret.<\/p>\n<\/li>\n<li data-start=\"568\" data-end=\"612\">\n<p data-start=\"570\" data-end=\"612\">Vattenutlopp utrustat med Nano Flo 1\/2&#8243;.<\/p>\n<\/li>\n<li data-start=\"613\" data-end=\"655\">\n<p data-start=\"615\" data-end=\"655\">EVA-gummimatta att st\u00e4lla akvariet p\u00e5.<\/p>\n<\/li>\n<\/ul>\n<p data-start=\"657\" data-end=\"826\">Akvariet finns i svart. Avskiljningen mellan filtersumpen och resten av akvariet \u00e4r svart. Endast f\u00e4rgen p\u00e5 den yttre vinylen som t\u00e4cker toppen av filtersumpen \u00e4r vit.<\/p>\n<p data-start=\"828\" data-end=\"1060\">Marineversionen av Mini Lumina 40 LED-belysning ger tillr\u00e4cklig ljusstyrka f\u00f6r mjukkoraller och LPS-koraller. F\u00f6r att uppn\u00e5 denna imponerande ljusprestanda anv\u00e4nds LED-lampor med integrerade linser och en spridningsvinkel p\u00e5 120\u00ba.<\/p>\n<p data-start=\"1062\" data-end=\"1145\">Den har tv\u00e5 ljuskanaler som regleras oberoende via armaturens egen kontrollenhet.<\/p>\n<p data-start=\"1147\" data-end=\"1289\">Transformatorn g\u00f6r det m\u00f6jligt att anv\u00e4nda en extern timer som bibeh\u00e5ller den \u00f6nskade f\u00e4rgkombinationen n\u00e4r lampan st\u00e4ngs av och t\u00e4nds igen.<\/p>\n<p data-start=\"1291\" data-end=\"1361\"><strong data-start=\"1291\" data-end=\"1359\">Tekniska specifikationer f\u00f6r Mini Lumina 40 saltvattensakvarium:<\/strong><\/p>\n<ul data-start=\"1362\" data-end=\"1891\">\n<li data-start=\"1362\" data-end=\"1411\">\n<p data-start=\"1364\" data-end=\"1411\">24 vita LED-lampor p\u00e5 10.000 \u00baK, 0,5 W styck.<\/p>\n<\/li>\n<li data-start=\"1412\" data-end=\"1457\">\n<p data-start=\"1414\" data-end=\"1457\">24 bl\u00e5 LED-lampor p\u00e5 450 nm, 0,5 W styck.<\/p>\n<\/li>\n<li data-start=\"1458\" data-end=\"1486\">\n<p data-start=\"1460\" data-end=\"1486\">Effektf\u00f6rbrukning: 24 W.<\/p>\n<\/li>\n<li data-start=\"1487\" data-end=\"1527\">\n<p data-start=\"1489\" data-end=\"1527\">Ljusintensitet: 4.600 lux vid 30 cm.<\/p>\n<\/li>\n<li data-start=\"1528\" data-end=\"1570\">\n<p data-start=\"1530\" data-end=\"1570\">L\u00e5gsp\u00e4nning (12 V) f\u00f6r h\u00f6gre s\u00e4kerhet.<\/p>\n<\/li>\n<li data-start=\"1571\" data-end=\"1600\">\n<p data-start=\"1573\" data-end=\"1600\">Energisn\u00e5l LED-teknologi.<\/p>\n<\/li>\n<li data-start=\"1601\" data-end=\"1663\">\n<p data-start=\"1603\" data-end=\"1663\">SMD 5630 LED-lampor med h\u00f6g prestanda och l\u00e5g f\u00f6rbrukning.<\/p>\n<\/li>\n<li data-start=\"1664\" data-end=\"1693\">\n<p data-start=\"1666\" data-end=\"1693\">Livsl\u00e4ngd: 30.000 timmar.<\/p>\n<\/li>\n<li data-start=\"1694\" data-end=\"1743\">\n<p data-start=\"1696\" data-end=\"1743\">2 oberoende justerbara kanaler (vit och bl\u00e5).<\/p>\n<\/li>\n<li data-start=\"1744\" data-end=\"1791\">\n<p data-start=\"1746\" data-end=\"1791\">F\u00f6r akvarier med l\u00e4ngd mellan 40 och 50 cm.<\/p>\n<\/li>\n<li data-start=\"1792\" data-end=\"1832\">\n<p data-start=\"1794\" data-end=\"1832\">M\u00e5tt utan f\u00e4sten: 40 \u00d7 7,8 \u00d7 1,6 cm.<\/p>\n<\/li>\n<li data-start=\"1833\" data-end=\"1891\">\n<p data-start=\"1835\" data-end=\"1891\">2 transparenta f\u00e4sten f\u00f6r montering p\u00e5 akvariets kant.<\/p>\n<\/li>\n<\/ul>\n<p data-start=\"1893\" data-end=\"1962\">Till detta akvarium kan \u00e4ven ett svart m\u00f6belsk\u00e5p k\u00f6pas som tillval.<\/p>\n<p data-start=\"1964\" data-end=\"2133\">Ut\u00f6ver utrustningen som ing\u00e5r i setet beh\u00f6ver man \u00e4ven komplettera med doppv\u00e4rmare och termometer f\u00f6r att h\u00e5lla r\u00e4tt vattentemperatur f\u00f6r fiskar och ryggradsl\u00f6sa djur.<\/p>\n","protected":false},"excerpt":{"rendered":"<article class=\"text-token-text-primary w-full focus:outline-none scroll-mt-[calc(var(--header-height)+min(200px,max(70px,20svh)))]\" dir=\"auto\" tabindex=\"-1\" data-turn-id=\"request-WEB:3056a25d-1318-458b-b5ef-fe19608fdbc3-1\" data-testid=\"conversation-turn-4\" data-scroll-anchor=\"true\" data-turn=\"assistant\">\n<div class=\"text-base my-auto mx-auto pb-10 [--thread-content-margin:--spacing(4)] @[37rem]:[--thread-content-margin:--spacing(6)] @[72rem]:[--thread-content-margin:--spacing(16)] px-(--thread-content-margin)\">\n<div class=\"[--thread-content-max-width:32rem] @[34rem]:[--thread-content-max-width:40rem] @[64rem]:[--thread-content-max-width:48rem] mx-auto max-w-(--thread-content-max-width) flex-1 group\/turn-messages focus-visible:outline-hidden relative flex w-full min-w-0 flex-col agent-turn\" tabindex=\"-1\">\n<div class=\"flex max-w-full flex-col grow\">\n<div class=\"min-h-8 text-message relative flex w-full flex-col items-end gap-2 text-start break-words whitespace-normal [.text-message+&amp;]:mt-5\" dir=\"auto\" data-message-author-role=\"assistant\" data-message-id=\"a3d4929e-b71d-47cb-81c5-d7c9c5fa3ebd\" data-message-model-slug=\"gpt-5\">\n<div class=\"flex w-full flex-col gap-1 empty:hidden first:pt-[3px]\">\n<div class=\"markdown prose dark:prose-invert w-full break-words light markdown-new-styling\">\n<p data-start=\"44\" data-end=\"209\" data-is-last-node=\"\" data-is-only-node=\"\"><strong data-start=\"44\" data-end=\"207\">All-in-One 90-kitet fr\u00e5n m\u00e4rket Blau Aquaristic \u00e4r ett akvarium med filtrering baktill och belysning, med en version f\u00f6r s\u00f6tvatten och en annan f\u00f6r saltvatten.<\/strong><\/p>\n<\/div>\n<\/div>\n<\/div>\n<\/div>\n<\/div>\n<\/div>\n<\/article>\n<div class=\"pointer-events-none h-px w-px\" aria-hidden=\"true\" data-edge=\"true\"><\/div>\n","protected":false},"featured_media":587,"comment_status":"open","ping_status":"closed","template":"","meta":[],"product_brand":[],"product_cat":[31],"product_tag":[],"class_list":{"0":"post-598","1":"product","2":"type-product","3":"status-publish","4":"has-post-thumbnail","6":"product_cat-akvarium","8":"first","9":"instock","10":"shipping-taxable","11":"purchasable","12":"product-type-simple"},"jetpack_sharing_enabled":true,"_links":{"self":[{"href":"https:\/\/nordfisken.se\/index.php?rest_route=\/wp\/v2\/product\/598","targetHints":{"allow":["GET"]}}],"collection":[{"href":"https:\/\/nordfisken.se\/index.php?rest_route=\/wp\/v2\/product"}],"about":[{"href":"https:\/\/nordfisken.se\/index.php?rest_route=\/wp\/v2\/types\/product"}],"replies":[{"embeddable":true,"href":"https:\/\/nordfisken.se\/index.php?rest_route=%2Fwp%2Fv2%2Fcomments&post=598"}],"wp:featuredmedia":[{"embeddable":true,"href":"https:\/\/nordfisken.se\/index.php?rest_route=\/wp\/v2\/media\/587"}],"wp:attachment":[{"href":"https:\/\/nordfisken.se\/index.php?rest_route=%2Fwp%2Fv2%2Fmedia&parent=598"}],"wp:term":[{"taxonomy":"product_brand","embeddable":true,"href":"https:\/\/nordfisken.se\/index.php?rest_route=%2Fwp%2Fv2%2Fproduct_brand&post=598"},{"taxonomy":"product_cat","embeddable":true,"href":"https:\/\/nordfisken.se\/index.php?rest_route=%2Fwp%2Fv2%2Fproduct_cat&post=598"},{"taxonomy":"product_tag","embeddable":true,"href":"https:\/\/nordfisken.se\/index.php?rest_route=%2Fwp%2Fv2%2Fproduct_tag&post=598"}],"curies":[{"name":"wp","href":"https:\/\/api.w.org\/{rel}","templated":true}]}}